{"id":502,"date":"2018-02-01T08:29:56","date_gmt":"2018-02-01T08:29:56","guid":{"rendered":"https:\/\/neu.bildhauersymposion.de\/?page_id=502"},"modified":"2023-03-09T14:12:59","modified_gmt":"2023-03-09T14:12:59","slug":"impressum","status":"publish","type":"page","link":"https:\/\/bildhauersymposion.de\/index.php\/impressum\/","title":{"rendered":"Impressum"},"content":{"rendered":"<div id=\"pl-502\"  class=\"panel-layout\" ><div id=\"pg-502-0\"  class=\"panel-grid panel-has-style\" ><div class=\"panel-row-style panel-row-style-for-502-0\" ><div id=\"pgc-502-0-0\"  class=\"panel-grid-cell\" ><div id=\"panel-502-0-0-0\" class=\"so-panel widget widget_sow-editor panel-first-child panel-last-child\" data-index=\"0\" ><div\n\t\t\t\n\t\t\tclass=\"so-widget-sow-editor so-widget-sow-editor-base\"\n\t\t\t\n\t\t>\n<div class=\"siteorigin-widget-tinymce textwidget\">\n\t<div id=\"pgc-16-0-0\" class=\"panel-grid-cell\">\n<div id=\"panel-16-0-0-0\" class=\"so-panel widget widget_sow-editor panel-first-child panel-last-child\" data-index=\"0\">\n<div class=\"so-widget-sow-editor so-widget-sow-editor-base\">\n<div class=\"siteorigin-widget-tinymce textwidget\">\n<p>mit den Pflichtangaben nach \u00a7 5 Telemediengesetz (TMG)<br \/>\nbzw. \u00a7 55 Staatsvertrag f\u00fcr Rundfunk und Telemedien (Rundfunkstaatsvertrag | RStV).<\/p>\n<p><strong>Hermann Voith Galerie<\/strong><br \/>\n<strong>KUNSTMUSEUM HEIDENHEIM<\/strong><br \/>\nein Gesch\u00e4ftsbereich der Stadtverwaltung Heidenheim<\/p>\n<p>Gesamtverantwortlicher der Stadtverwaltung Heidenheim an der Brenz:<br \/>\nOberb\u00fcrgermeister Michael Salomo<br \/>\nGrabenstr. 15<br \/>\n89522 Heidenheim<\/p>\n<p><strong>Leitung des Gesch\u00e4ftsbereichs Kunstmuseum:<\/strong><br \/>\nMarco Hompes<br \/>\nUSt.-IdNr. DE145617692<br \/>\nMarienstra\u00dfe 4<br \/>\n89518 Heidenheim<br \/>\nTel 07321 \u2013 327 4810<br \/>\nkunstmuseum@heidenheim.de<\/p>\n<p><strong>Presse- und \u00d6ffentlichkeitsarbeit,<br \/>\nVerantwortlich im Sinne des TMG und des RStV:<\/strong><br \/>\nMarco Hompes<br \/>\nTel 07321 \u2013 327 4810<br \/>\n<a href=\"mailto:kunstmuseum@heidenheim.de\">kunstmuseum@heidenheim.de<\/a><\/p>\n<p>&nbsp;<\/p>\n<p>Hinweise zur Online-Streitbeilegung<\/p>\n<p><strong>Online-Streitbeilegung gem\u00e4\u00df Art. 14 Abs. 1 ODR-VO: <\/strong><br \/>\nDie Plattform der Europ\u00e4ischen Kommission zur Online-Streitbeilegung (OS) finden Sie hier:<br \/>\n<a href=\"http:\/\/ec.europa.eu\/consumers\/odr\/\" target=\"_blank\" rel=\"noopener\"> http:\/\/ec.europa.eu\/consumers\/odr\/<\/a><\/p>\n<p>Zur Teilnahme an einem Streitbeilegungsverfahren vor einer Verbraucherschlichtungsstelle sind wir nicht verpflichtet und nicht bereit.<\/p>\n<p><b>Haftungsausschuss<\/b><\/p>\n<p><b>1. Inhalt des Onlineangebotes<\/b><\/p>\n<p>Die Autor*innen \u00fcbernehmen keinerlei Gew\u00e4hr f\u00fcr die Aktualit\u00e4t, Korrektheit, Vollst\u00e4ndigkeit oder Qualit\u00e4t der bereitgestellten Informationen. Haftungsanspr\u00fcche, welche sich auf Sch\u00e4den materieller oder ideeller Art beziehen, die durch die Nutzung oder Nichtnutzung der dargebotenen Informationen bzw. durch die Nutzung fehlerhafter und unvollst\u00e4ndiger Informationen verursacht wurden, sind grunds\u00e4tzlich ausgeschlossen, sofern seitens der Autor*innen kein nachweislich vors\u00e4tzliches oder grob fahrl\u00e4ssiges Verschulden vorliegt.<\/p>\n<p><b>2. Verweise und Links<\/b><\/p>\n<p>Bei direkten oder indirekten Verweisen auf fremde Webseiten (Hyperlinks), die au\u00dferhalb des Verantwortungsbereiches des Autors liegen, w\u00fcrde eine Haftungsverpflichtung ausschlie\u00dflich in dem Fall in Kraft treten, in dem der Autor von den Inhalten Kenntnis hat und es ihm technisch m\u00f6glich und zumutbar w\u00e4re, die Nutzung im Falle rechtswidriger Inhalte zu verhindern.<\/p>\n<p><b>3. Urheber- und Kennzeichenrecht<\/b><\/p>\n<p>Die Autor*innen sind bestrebt, in allen Publikationen die Urheberrechte der verwendeten Bilder, Grafiken, Tondokumente, Videosequenzen und Texte zu beachten, von ihm selbst erstellte Bilder, Grafiken, Tondokumente, Videosequenzen und Texte zu nutzen oder auf lizenzfreie Grafiken, Tondokumente, Videosequenzen und Texte zur\u00fcckzugreifen.<\/p>\n<\/div>\n<\/div>\n<\/div>\n<\/div>\n<\/div>\n<\/div><\/div><\/div><\/div><\/div><\/div>","protected":false},"excerpt":{"rendered":"<p>mit den Pflichtangaben nach \u00a7 5 Telemediengesetz (TMG) bzw. \u00a7 55 Staatsvertrag f\u00fcr Rundfunk und Telemedien (Rundfunkstaatsvertrag | RStV). Hermann Voith Galerie KUNSTMUSEUM HEIDENHEIM ein Gesch\u00e4ftsbereich der Stadtverwaltung Heidenheim Gesamtverantwortlicher der Stadtverwaltung Heidenheim an der Brenz: Oberb\u00fcrgermeister Michael Salomo Grabenstr. <span class=\"excerpt-dots\">&hellip;<\/span> <a class=\"more-link\" href=\"https:\/\/bildhauersymposion.de\/index.php\/impressum\/\"><span class=\"more-msg\">Weiterlesen &rarr;<\/span><\/a><\/p>\n","protected":false},"author":1,"featured_media":0,"parent":0,"menu_order":0,"comment_status":"closed","ping_status":"closed","template":"","meta":{"footnotes":""},"_links":{"self":[{"href":"https:\/\/bildhauersymposion.de\/index.php\/wp-json\/wp\/v2\/pages\/502"}],"collection":[{"href":"https:\/\/bildhauersymposion.de\/index.php\/wp-json\/wp\/v2\/pages"}],"about":[{"href":"https:\/\/bildhauersymposion.de\/index.php\/wp-json\/wp\/v2\/types\/page"}],"author":[{"embeddable":true,"href":"https:\/\/bildhauersymposion.de\/index.php\/wp-json\/wp\/v2\/users\/1"}],"replies":[{"embeddable":true,"href":"https:\/\/bildhauersymposion.de\/index.php\/wp-json\/wp\/v2\/comments?post=502"}],"version-history":[{"count":13,"href":"https:\/\/bildhauersymposion.de\/index.php\/wp-json\/wp\/v2\/pages\/502\/revisions"}],"predecessor-version":[{"id":1700,"href":"https:\/\/bildhauersymposion.de\/index.php\/wp-json\/wp\/v2\/pages\/502\/revisions\/1700"}],"wp:attachment":[{"href":"https:\/\/bildhauersymposion.de\/index.php\/wp-json\/wp\/v2\/media?parent=502"}],"curies":[{"name":"wp","href":"https:\/\/api.w.org\/{rel}","templated":true}]}}