{"id":314,"date":"2018-01-31T09:31:19","date_gmt":"2018-01-31T09:31:19","guid":{"rendered":"https:\/\/neu.bildhauersymposion.de\/?page_id=314"},"modified":"2018-03-07T16:09:09","modified_gmt":"2018-03-07T16:09:09","slug":"97-2","status":"publish","type":"page","link":"https:\/\/bildhauersymposion.de\/index.php\/97-2\/","title":{"rendered":"Werk 97"},"content":{"rendered":"<div id=\"pl-314\"  class=\"panel-layout\" ><div id=\"pg-314-0\"  class=\"panel-grid panel-has-style\" ><div class=\"panel-row-style panel-row-style-for-314-0\" ><div id=\"pgc-314-0-0\"  class=\"panel-grid-cell\" ><div id=\"panel-314-0-0-0\" class=\"so-panel widget widget_sow-editor panel-first-child panel-last-child\" data-index=\"0\" ><div class=\"panel-widget-style panel-widget-style-for-314-0-0-0\" ><div\n\t\t\t\n\t\t\tclass=\"so-widget-sow-editor so-widget-sow-editor-base\"\n\t\t\t\n\t\t>\n<div class=\"siteorigin-widget-tinymce textwidget\">\n\t<p><img loading=\"lazy\" decoding=\"async\" class=\"alignnone size-full wp-image-189\" src=\"https:\/\/neu.bildhauersymposion.de\/wp-content\/uploads\/2018\/01\/werk-97-1.png\" alt=\"\" width=\"161\" height=\"77\" \/><\/p>\n<p><a name=\"anfang\"><\/a><\/p>\n<\/div>\n<\/div><\/div><\/div><\/div><\/div><\/div><div id=\"pg-314-1\"  class=\"panel-grid panel-no-style\" ><div id=\"pgc-314-1-0\"  class=\"panel-grid-cell\" ><div id=\"panel-314-1-0-0\" class=\"so-panel widget widget_sow-editor panel-first-child panel-last-child\" data-index=\"1\" ><div class=\"panel-widget-style panel-widget-style-for-314-1-0-0\" ><div\n\t\t\t\n\t\t\tclass=\"so-widget-sow-editor so-widget-sow-editor-base\"\n\t\t\t\n\t\t>\n<div class=\"siteorigin-widget-tinymce textwidget\">\n\t<h5><strong>Nominatoren<\/strong><\/h5>\n<p>Dr. Jean-Christophe Ammann,<br \/>\nMuseum f\u00fcr Moderne Kunst Frankfurt<br \/>\nMartijgn van Nieuwenhuyzen, Stedelijk Museum, Amsterdam<br \/>\nDr. Harald Szeemann, Kunsthaus Z\u00fcrich und Leiter \"documenta\" 1972<br \/>\nK\u00fcnstlerischer Beirat des Bildhauersymposions Heidenheim<\/p>\n<h5>Jury<\/h5>\n<p>Dr.Karin Frank von Maur, Staatsgalerie Stuttgart<br \/>\nEllen Seifermann, Kunstverein Heilbronn<br \/>\nProf. Dr. Frank-G\u00fcnter Zehnder, Rheinisches Landesmuseum, Bonn<\/p>\n<h5><strong>Verein<\/strong><\/h5>\n<p>Vorsitzende:\u00a0 Gabriele Rogowski<br \/>\nVorstand:\u00a0 Dr. Hermut Kormann, Dr. Maximilian Eberle, Karl Walliser<br \/>\nK\u00fcnstlerischer Beirat:\u00a0 Berni Fetzer, Dr. Ren\u00e9 Hirner, Franklin P\u00fchn, J\u00fcrgen Stimpfig<br \/>\nTechnischer Ausschuss:\u00a0 Klaus Moser, Andrea Steinhilber, Wilfried W\u00f6rner<\/p>\n<\/div>\n<\/div><\/div><\/div><\/div><div id=\"pgc-314-1-1\"  class=\"panel-grid-cell\" ><div id=\"panel-314-1-1-0\" class=\"so-panel widget widget_sow-editor panel-first-child panel-last-child\" data-index=\"2\" ><div class=\"panel-widget-style panel-widget-style-for-314-1-1-0\" ><div\n\t\t\t\n\t\t\tclass=\"so-widget-sow-editor so-widget-sow-editor-base\"\n\t\t\t\n\t\t>\n<div class=\"siteorigin-widget-tinymce textwidget\">\n\t<h5>Preistr\u00e4ger<\/h5>\n<p>Rolf Bier, Hannover\/Rom<br \/>Russel Maltz, New York<br \/>Andrea Ostermeyer, K\u00f6ln<br \/>Denis Pondruel, Paris<br \/> Ingo Vetter, Berlin<\/p>\n<h5>Firmen<\/h5>\n<p>Carl Edelmann GmbH &amp; Co. KG<br \/>Holzwerke Ziegler<br \/>C.F. Ploucquet GmbH &amp; Co.<br \/>J.M. Voith AG<br \/>Ernst Mattern GmbH<\/p>\n<\/div>\n<\/div><\/div><\/div><\/div><\/div><div id=\"pg-314-2\"  class=\"panel-grid panel-has-style\" ><div class=\"panel-row-style panel-row-style-for-314-2\" ><div id=\"pgc-314-2-0\"  class=\"panel-grid-cell\" ><div id=\"panel-314-2-0-0\" class=\"so-panel widget widget_sow-editor panel-first-child panel-last-child\" data-index=\"3\" ><div\n\t\t\t\n\t\t\tclass=\"so-widget-sow-editor so-widget-sow-editor-base\"\n\t\t\t\n\t\t>\n<div class=\"siteorigin-widget-tinymce textwidget\">\n\t<h5>Rolf Bier<br \/>\n<em>Universalie I - III<\/em><\/h5>\n<p>Carl Edelmann GmbH &amp; Co. KG<br \/>\n<br class=\"clear\" \/>Bei der Firma Carl Edelmann, einem Hersteller von Kartonverpackungen, realisierte Rolf Bier (Hannover) seine dreiteilige Skulptur \"Universalie I-III\". Sie hat das T-Shirt zum Motiv und Gegenstand. Der Titel spielt auf die weltweite Verbreitung dieses modernen Kleidungsst\u00fccks an, w\u00e4hrend die Form des T-Shirts auf den menschlichen K\u00f6rper verweist, welcher ein traditionelles Thema der Bildhauerei ist. Sein fl\u00e4chiges Ausgangsmaterial Karton bzw. Papier verwandelte Rolf Bier in drei Skulpturen, indem er es in eine gro\u00dfe monumentale Form presste, (\"Universalie I \" am Bahnhof), aus gestanzten Kartonformen zu einer Barriere schichtete (\"Universalie II\" im Foyer des Kunstmuseums) und als 53 000 (dies entspricht der Einwohnerzahl Heidenheims) kleine Papier-T-Shirts aus Flugzeugen \u00fcber der Stadt abwerfen lie\u00df. Spektakul\u00e4res, Ortsspezifisches, Zeittypisches, Allt\u00e4gliches und spezifisch skulpturale Fragestellungen greifen hier in komplexer Weise ineinander.<\/p>\n<\/div>\n<\/div><\/div><\/div><div id=\"pgc-314-2-1\"  class=\"panel-grid-cell\" ><div id=\"panel-314-2-1-0\" class=\"so-panel widget widget_sow-editor panel-first-child panel-last-child\" data-index=\"4\" ><div\n\t\t\t\n\t\t\tclass=\"so-widget-sow-editor so-widget-sow-editor-base\"\n\t\t\t\n\t\t>\n<div class=\"siteorigin-widget-tinymce textwidget\">\n\t\n\t\t<style type=\"text\/css\">\n\t\t\t#gallery-1 {\n\t\t\t\tmargin: auto;\n\t\t\t}\n\t\t\t#gallery-1 .gallery-item {\n\t\t\t\tfloat: left;\n\t\t\t\tmargin-top: 10px;\n\t\t\t\ttext-align: center;\n\t\t\t\twidth: 100%;\n\t\t\t}\n\t\t\t#gallery-1 img {\n\t\t\t\tborder: 2px solid #cfcfcf;\n\t\t\t}\n\t\t\t#gallery-1 .gallery-caption {\n\t\t\t\tmargin-left: 0;\n\t\t\t}\n\t\t\t\/* see gallery_shortcode() in wp-includes\/media.php *\/\n\t\t<\/style>\n\t\t<div id='gallery-1' class='gallery galleryid-314 gallery-columns-1 gallery-size-thumbnail'><dl class='gallery-item'>\n\t\t\t<dt class='gallery-icon landscape'>\n\t\t\t\t<a href='https:\/\/bildhauersymposion.de\/wp-content\/uploads\/2018\/01\/bier1.jpg' title=\"\" data-rl_title=\"\" class=\"rl-gallery-link\" data-rl_caption=\"\" data-rel=\"lightbox-gallery-1\"><img loading=\"lazy\" decoding=\"async\" width=\"150\" height=\"150\" src=\"https:\/\/bildhauersymposion.de\/wp-content\/uploads\/2018\/01\/bier1-150x150.jpg\" class=\"attachment-thumbnail size-thumbnail\" alt=\"\" \/><\/a>\n\t\t\t<\/dt><\/dl><br style=\"clear: both\" \/><dl class='gallery-item'>\n\t\t\t<dt class='gallery-icon portrait'>\n\t\t\t\t<a href='https:\/\/bildhauersymposion.de\/wp-content\/uploads\/2018\/01\/bier2.jpg' title=\"\" data-rl_title=\"\" class=\"rl-gallery-link\" data-rl_caption=\"\" data-rel=\"lightbox-gallery-1\"><img loading=\"lazy\" decoding=\"async\" width=\"150\" height=\"150\" src=\"https:\/\/bildhauersymposion.de\/wp-content\/uploads\/2018\/01\/bier2-150x150.jpg\" class=\"attachment-thumbnail size-thumbnail\" alt=\"\" \/><\/a>\n\t\t\t<\/dt><\/dl><br style=\"clear: both\" \/><dl class='gallery-item'>\n\t\t\t<dt class='gallery-icon landscape'>\n\t\t\t\t<a href='https:\/\/bildhauersymposion.de\/wp-content\/uploads\/2018\/01\/bier3.jpg' title=\"\" data-rl_title=\"\" class=\"rl-gallery-link\" data-rl_caption=\"\" data-rel=\"lightbox-gallery-1\"><img loading=\"lazy\" decoding=\"async\" width=\"150\" height=\"150\" src=\"https:\/\/bildhauersymposion.de\/wp-content\/uploads\/2018\/01\/bier3-150x150.jpg\" class=\"attachment-thumbnail size-thumbnail\" alt=\"\" \/><\/a>\n\t\t\t<\/dt><\/dl><br style=\"clear: both\" \/>\n\t\t<\/div>\n\n<\/div>\n<\/div><\/div><\/div><\/div><\/div><div id=\"pg-314-3\"  class=\"panel-grid panel-has-style\" ><div class=\"panel-row-style panel-row-style-for-314-3\" ><div id=\"pgc-314-3-0\"  class=\"panel-grid-cell\" ><div id=\"panel-314-3-0-0\" class=\"so-panel widget widget_sow-editor panel-first-child panel-last-child\" data-index=\"5\" ><div\n\t\t\t\n\t\t\tclass=\"so-widget-sow-editor so-widget-sow-editor-base\"\n\t\t\t\n\t\t>\n<div class=\"siteorigin-widget-tinymce textwidget\">\n\t<h5>Russell Maltz<br \/>\n<em>Painted - Stacked<\/em><\/h5>\n<p>Holzwerk Ziegler<br \/>\n<br class=\"clear\" \/>Bei den Holzwerken Ziegler verwirklichte Russell Maltz aus New York sein mehrteiliges Skulpturenprojekt. Unterschiedlich geschnittene und geschichtete Holzstapel bemalte er monochrom mit Farbe und stellte sie an vier verschiedenen Orten in Heidenheim auf. Die knallrote Farbe aktiviert das bodenst\u00e4ndige Material Holz und verleiht ihm Signalwirkung. An unterschiedlichen Pl\u00e4tzen aufgestellt, legen sich die Skulpturen wie ein Netz \u00fcber das Stadtbild. Zugleich werden die einzelnen Holzstapel durch die Bemalung zu Objekten, die sich auf der Grenze zwischen Bild und Skulptur bewegen und damit die traditionellen Gattungsgrenzen sprengen.<\/p>\n<\/div>\n<\/div><\/div><\/div><div id=\"pgc-314-3-1\"  class=\"panel-grid-cell\" ><div id=\"panel-314-3-1-0\" class=\"so-panel widget widget_sow-editor panel-first-child panel-last-child\" data-index=\"6\" ><div\n\t\t\t\n\t\t\tclass=\"so-widget-sow-editor so-widget-sow-editor-base\"\n\t\t\t\n\t\t>\n<div class=\"siteorigin-widget-tinymce textwidget\">\n\t\n\t\t<style type=\"text\/css\">\n\t\t\t#gallery-2 {\n\t\t\t\tmargin: auto;\n\t\t\t}\n\t\t\t#gallery-2 .gallery-item {\n\t\t\t\tfloat: left;\n\t\t\t\tmargin-top: 10px;\n\t\t\t\ttext-align: center;\n\t\t\t\twidth: 100%;\n\t\t\t}\n\t\t\t#gallery-2 img {\n\t\t\t\tborder: 2px solid #cfcfcf;\n\t\t\t}\n\t\t\t#gallery-2 .gallery-caption {\n\t\t\t\tmargin-left: 0;\n\t\t\t}\n\t\t\t\/* see gallery_shortcode() in wp-includes\/media.php *\/\n\t\t<\/style>\n\t\t<div id='gallery-2' class='gallery galleryid-314 gallery-columns-1 gallery-size-thumbnail'><dl class='gallery-item'>\n\t\t\t<dt class='gallery-icon landscape'>\n\t\t\t\t<a href='https:\/\/bildhauersymposion.de\/wp-content\/uploads\/2018\/01\/maltz1.jpg' title=\"\" data-rl_title=\"\" class=\"rl-gallery-link\" data-rl_caption=\"\" data-rel=\"lightbox-gallery-2\"><img loading=\"lazy\" decoding=\"async\" width=\"150\" height=\"150\" src=\"https:\/\/bildhauersymposion.de\/wp-content\/uploads\/2018\/01\/maltz1-150x150.jpg\" class=\"attachment-thumbnail size-thumbnail\" alt=\"\" srcset=\"https:\/\/bildhauersymposion.de\/wp-content\/uploads\/2018\/01\/maltz1-150x150.jpg 150w, https:\/\/bildhauersymposion.de\/wp-content\/uploads\/2018\/01\/maltz1-300x300.jpg 300w, https:\/\/bildhauersymposion.de\/wp-content\/uploads\/2018\/01\/maltz1.jpg 600w\" sizes=\"(max-width: 150px) 100vw, 150px\" \/><\/a>\n\t\t\t<\/dt><\/dl><br style=\"clear: both\" \/><dl class='gallery-item'>\n\t\t\t<dt class='gallery-icon portrait'>\n\t\t\t\t<a href='https:\/\/bildhauersymposion.de\/wp-content\/uploads\/2018\/01\/maltz2.jpg' title=\"\" data-rl_title=\"\" class=\"rl-gallery-link\" data-rl_caption=\"\" data-rel=\"lightbox-gallery-2\"><img loading=\"lazy\" decoding=\"async\" width=\"150\" height=\"150\" src=\"https:\/\/bildhauersymposion.de\/wp-content\/uploads\/2018\/01\/maltz2-150x150.jpg\" class=\"attachment-thumbnail size-thumbnail\" alt=\"\" srcset=\"https:\/\/bildhauersymposion.de\/wp-content\/uploads\/2018\/01\/maltz2-150x150.jpg 150w, https:\/\/bildhauersymposion.de\/wp-content\/uploads\/2018\/01\/maltz2.jpg 700w\" sizes=\"(max-width: 150px) 100vw, 150px\" \/><\/a>\n\t\t\t<\/dt><\/dl><br style=\"clear: both\" \/><dl class='gallery-item'>\n\t\t\t<dt class='gallery-icon landscape'>\n\t\t\t\t<a href='https:\/\/bildhauersymposion.de\/wp-content\/uploads\/2018\/01\/maltz3.jpg' title=\"\" data-rl_title=\"\" class=\"rl-gallery-link\" data-rl_caption=\"\" data-rel=\"lightbox-gallery-2\"><img loading=\"lazy\" decoding=\"async\" width=\"150\" height=\"150\" src=\"https:\/\/bildhauersymposion.de\/wp-content\/uploads\/2018\/01\/maltz3-150x150.jpg\" class=\"attachment-thumbnail size-thumbnail\" alt=\"\" \/><\/a>\n\t\t\t<\/dt><\/dl><br style=\"clear: both\" \/>\n\t\t<\/div>\n\n<\/div>\n<\/div><\/div><\/div><\/div><\/div><div id=\"pg-314-4\"  class=\"panel-grid panel-has-style\" ><div class=\"panel-row-style panel-row-style-for-314-4\" ><div id=\"pgc-314-4-0\"  class=\"panel-grid-cell\" ><div id=\"panel-314-4-0-0\" class=\"so-panel widget widget_sow-editor panel-first-child panel-last-child\" data-index=\"7\" ><div\n\t\t\t\n\t\t\tclass=\"so-widget-sow-editor so-widget-sow-editor-base\"\n\t\t\t\n\t\t>\n<div class=\"siteorigin-widget-tinymce textwidget\">\n\t<h5>Andrea Ostermeyer<br \/>\n<em>Sleeping on your site<\/em><\/h5>\n<p>C.F. Ploucquet GmbH &amp; Co.<br \/>\n<br class=\"clear\" \/>Bei der Textilfirma C. F. Ploucquet lie\u00df Andrea Ostermeyer aus K\u00f6ln ihre gro\u00dfformatige Plastik \"sleeping on your site I \" herstellen. Sie besteht aus einem Material, das sich weder f\u00fcr Skulpturen noch f\u00fcr den Einsatz im Freien zu einen scheint: Stoff. Dieses Material, in das sich \u00fcblicherweise Menschen h\u00fcllen, benutzte die K\u00fcnstlerin zur Verkleidung einer kahlen Hauswand. Durch das farbige, zu weichen Fl\u00e4chen aufgepolsterte Material wird die triste Betonwand optisch aufgewertet und die Erinnerung an eine alte, fast vergessene Verwendungsweise von Stoff wachgerufen: seine Funktion als Wandverkleidung. Zugleich l\u00f6st der Gegensatz von Betonwand und Textilverkleidung ein reizvolles Spiel gegens\u00e4tzlicher Wahrnehmungen und Assoziationen aus: Hart und Weich, Anorganisch und Organisch, Schm\u00fccken und Verdecken, Innen und Au\u00dfen, Verg\u00e4nglichkeit und Dauer werden wahrnehmbar, ja geradezu k\u00f6rperlich sp\u00fcrbar.<\/p>\n<\/div>\n<\/div><\/div><\/div><div id=\"pgc-314-4-1\"  class=\"panel-grid-cell\" ><div id=\"panel-314-4-1-0\" class=\"so-panel widget widget_sow-editor panel-first-child panel-last-child\" data-index=\"8\" ><div\n\t\t\t\n\t\t\tclass=\"so-widget-sow-editor so-widget-sow-editor-base\"\n\t\t\t\n\t\t>\n<div class=\"siteorigin-widget-tinymce textwidget\">\n\t\n\t\t<style type=\"text\/css\">\n\t\t\t#gallery-3 {\n\t\t\t\tmargin: auto;\n\t\t\t}\n\t\t\t#gallery-3 .gallery-item {\n\t\t\t\tfloat: left;\n\t\t\t\tmargin-top: 10px;\n\t\t\t\ttext-align: center;\n\t\t\t\twidth: 100%;\n\t\t\t}\n\t\t\t#gallery-3 img {\n\t\t\t\tborder: 2px solid #cfcfcf;\n\t\t\t}\n\t\t\t#gallery-3 .gallery-caption {\n\t\t\t\tmargin-left: 0;\n\t\t\t}\n\t\t\t\/* see gallery_shortcode() in wp-includes\/media.php *\/\n\t\t<\/style>\n\t\t<div id='gallery-3' class='gallery galleryid-314 gallery-columns-1 gallery-size-thumbnail'><dl class='gallery-item'>\n\t\t\t<dt class='gallery-icon landscape'>\n\t\t\t\t<a href='https:\/\/bildhauersymposion.de\/wp-content\/uploads\/2018\/01\/Andrea-Ostermeyer2.jpg' title=\"\" data-rl_title=\"\" class=\"rl-gallery-link\" data-rl_caption=\"\" data-rel=\"lightbox-gallery-3\"><img loading=\"lazy\" decoding=\"async\" width=\"150\" height=\"150\" src=\"https:\/\/bildhauersymposion.de\/wp-content\/uploads\/2018\/01\/Andrea-Ostermeyer2-150x150.jpg\" class=\"attachment-thumbnail size-thumbnail\" alt=\"\" \/><\/a>\n\t\t\t<\/dt><\/dl><br style=\"clear: both\" \/><dl class='gallery-item'>\n\t\t\t<dt class='gallery-icon landscape'>\n\t\t\t\t<a href='https:\/\/bildhauersymposion.de\/wp-content\/uploads\/2018\/01\/Andrea-Ostermeyer1.jpg' title=\"\" data-rl_title=\"\" class=\"rl-gallery-link\" data-rl_caption=\"\" data-rel=\"lightbox-gallery-3\"><img loading=\"lazy\" decoding=\"async\" width=\"150\" height=\"150\" src=\"https:\/\/bildhauersymposion.de\/wp-content\/uploads\/2018\/01\/Andrea-Ostermeyer1-150x150.jpg\" class=\"attachment-thumbnail size-thumbnail\" alt=\"\" \/><\/a>\n\t\t\t<\/dt><\/dl><br style=\"clear: both\" \/>\n\t\t<\/div>\n\n<\/div>\n<\/div><\/div><\/div><\/div><\/div><div id=\"pg-314-5\"  class=\"panel-grid panel-has-style\" ><div class=\"panel-row-style panel-row-style-for-314-5\" ><div id=\"pgc-314-5-0\"  class=\"panel-grid-cell\" ><div id=\"panel-314-5-0-0\" class=\"so-panel widget widget_sow-editor panel-first-child panel-last-child\" data-index=\"9\" ><div\n\t\t\t\n\t\t\tclass=\"so-widget-sow-editor so-widget-sow-editor-base\"\n\t\t\t\n\t\t>\n<div class=\"siteorigin-widget-tinymce textwidget\">\n\t<h5>Denis Pondruel<br \/>\n<em>Kammer im Kunstwerk<\/em><\/h5>\n<p>J.M. Voith AG<br \/>\n<br class=\"clear\" \/>In den Lehrwerkst\u00e4tten der Voith Unternehmensgruppe entstand Denis Pondruels Stahlplastik. Der Pariser K\u00fcnstler bringt darin zwei gleicherma\u00dfen allt\u00e4gliche wie skulpturale Elemente - Raum und Stuhl - in einen (im Wortsinn) \"verr\u00fcckten\" Zusammenhang. Ein monumentaler Stahlquader beherbergt in seinem Inneren einen kleinen, unzug\u00e4nglichen Raum, der nur durch schmale Ausschnitte von au\u00dfen wahrnehmbar ist. Durch diese Ausschnitte bewegt sich ein Stuhl, der an einer langen Stange au\u00dferhalb des Quaders befestigt ist. Von einem Elektromotor angetrieben, bewegt sich der Stuhl zu jeder vollen Stunde in Schw\u00fcngen bzw. Kreisen durch den Quader und den unzug\u00e4nglichen Raum in seinem Inneren. Au\u00dfen und Innen, Raum und Volumen, Statik und Dynamik, Linie und Fl\u00e4che usw. werden so systematisch verkehrt und damit poetisch verwandelt.<\/p>\n<\/div>\n<\/div><\/div><\/div><div id=\"pgc-314-5-1\"  class=\"panel-grid-cell\" ><div id=\"panel-314-5-1-0\" class=\"so-panel widget widget_sow-editor panel-first-child panel-last-child\" data-index=\"10\" ><div\n\t\t\t\n\t\t\tclass=\"so-widget-sow-editor so-widget-sow-editor-base\"\n\t\t\t\n\t\t>\n<div class=\"siteorigin-widget-tinymce textwidget\">\n\t\n\t\t<style type=\"text\/css\">\n\t\t\t#gallery-4 {\n\t\t\t\tmargin: auto;\n\t\t\t}\n\t\t\t#gallery-4 .gallery-item {\n\t\t\t\tfloat: left;\n\t\t\t\tmargin-top: 10px;\n\t\t\t\ttext-align: center;\n\t\t\t\twidth: 100%;\n\t\t\t}\n\t\t\t#gallery-4 img {\n\t\t\t\tborder: 2px solid #cfcfcf;\n\t\t\t}\n\t\t\t#gallery-4 .gallery-caption {\n\t\t\t\tmargin-left: 0;\n\t\t\t}\n\t\t\t\/* see gallery_shortcode() in wp-includes\/media.php *\/\n\t\t<\/style>\n\t\t<div id='gallery-4' class='gallery galleryid-314 gallery-columns-1 gallery-size-thumbnail'><dl class='gallery-item'>\n\t\t\t<dt class='gallery-icon portrait'>\n\t\t\t\t<a href='https:\/\/bildhauersymposion.de\/wp-content\/uploads\/2018\/02\/denis_pondruel1.jpg' title=\"\" data-rl_title=\"\" class=\"rl-gallery-link\" data-rl_caption=\"\" data-rel=\"lightbox-gallery-4\"><img loading=\"lazy\" decoding=\"async\" width=\"150\" height=\"150\" src=\"https:\/\/bildhauersymposion.de\/wp-content\/uploads\/2018\/02\/denis_pondruel1-150x150.jpg\" class=\"attachment-thumbnail size-thumbnail\" alt=\"\" \/><\/a>\n\t\t\t<\/dt><\/dl><br style=\"clear: both\" \/><dl class='gallery-item'>\n\t\t\t<dt class='gallery-icon portrait'>\n\t\t\t\t<a href='https:\/\/bildhauersymposion.de\/wp-content\/uploads\/2018\/02\/denis_pondruel2.jpg' title=\"\" data-rl_title=\"\" class=\"rl-gallery-link\" data-rl_caption=\"\" data-rel=\"lightbox-gallery-4\"><img loading=\"lazy\" decoding=\"async\" width=\"150\" height=\"150\" src=\"https:\/\/bildhauersymposion.de\/wp-content\/uploads\/2018\/02\/denis_pondruel2-150x150.jpg\" class=\"attachment-thumbnail size-thumbnail\" alt=\"\" \/><\/a>\n\t\t\t<\/dt><\/dl><br style=\"clear: both\" \/><dl class='gallery-item'>\n\t\t\t<dt class='gallery-icon portrait'>\n\t\t\t\t<a href='https:\/\/bildhauersymposion.de\/wp-content\/uploads\/2018\/02\/denis_pondruel3.jpg' title=\"\" data-rl_title=\"\" class=\"rl-gallery-link\" data-rl_caption=\"\" data-rel=\"lightbox-gallery-4\"><img loading=\"lazy\" decoding=\"async\" width=\"150\" height=\"150\" src=\"https:\/\/bildhauersymposion.de\/wp-content\/uploads\/2018\/02\/denis_pondruel3-150x150.jpg\" class=\"attachment-thumbnail size-thumbnail\" alt=\"\" \/><\/a>\n\t\t\t<\/dt><\/dl><br style=\"clear: both\" \/>\n\t\t<\/div>\n\n<\/div>\n<\/div><\/div><\/div><\/div><\/div><div id=\"pg-314-6\"  class=\"panel-grid panel-has-style\" ><div class=\"panel-row-style panel-row-style-for-314-6\" ><div id=\"pgc-314-6-0\"  class=\"panel-grid-cell\" ><div id=\"panel-314-6-0-0\" class=\"so-panel widget widget_sow-editor panel-first-child panel-last-child\" data-index=\"11\" ><div\n\t\t\t\n\t\t\tclass=\"so-widget-sow-editor so-widget-sow-editor-base\"\n\t\t\t\n\t\t>\n<div class=\"siteorigin-widget-tinymce textwidget\">\n\t<h5>Ingo Vetter<br \/>\n<em>Ohne Titel<\/em><\/h5>\n<p>Ernst Mattern GmbH<br \/>\n<br class=\"clear\" \/>Zusammen mit dem Bauunternehmen Mattern realisierte Ingo Vetter aus Berlin eine etwa zwei Meter hohe, breite und tiefe Beton- und Stahlskulptur. Sie bezieht sich auf das Rathaus, vor dem sie aufgestellt ist. In ihrer Materialit\u00e4t, ihrer Grundstruktur und Ihren Binnenformen nimmt sie die Architektur dieses \u00f6ffentlichen Geb\u00e4udes auf und spielt mit Assoziationen, die sich auf die Funktion des Rathauses beziehen: unterschiedliche F\u00e4cherstrukturen aus Stahl erinnern an Vorlagemappen, Ordner, Stempelkarten oder Prospekthalter. Zugleich bewegt sich die Skulptur in ihrer Gr\u00f6\u00dfe und Anlage auf der Grenze zwischen Architekturmodell, autonomer monumentaler Form und Labyrinth.<\/p>\n<p>&nbsp;<\/p>\n<\/div>\n<\/div><\/div><\/div><div id=\"pgc-314-6-1\"  class=\"panel-grid-cell\" ><div id=\"panel-314-6-1-0\" class=\"so-panel widget widget_sow-editor panel-first-child panel-last-child\" data-index=\"12\" ><div\n\t\t\t\n\t\t\tclass=\"so-widget-sow-editor so-widget-sow-editor-base\"\n\t\t\t\n\t\t>\n<div class=\"siteorigin-widget-tinymce textwidget\">\n\t\n\t\t<style type=\"text\/css\">\n\t\t\t#gallery-5 {\n\t\t\t\tmargin: auto;\n\t\t\t}\n\t\t\t#gallery-5 .gallery-item {\n\t\t\t\tfloat: left;\n\t\t\t\tmargin-top: 10px;\n\t\t\t\ttext-align: center;\n\t\t\t\twidth: 100%;\n\t\t\t}\n\t\t\t#gallery-5 img {\n\t\t\t\tborder: 2px solid #cfcfcf;\n\t\t\t}\n\t\t\t#gallery-5 .gallery-caption {\n\t\t\t\tmargin-left: 0;\n\t\t\t}\n\t\t\t\/* see gallery_shortcode() in wp-includes\/media.php *\/\n\t\t<\/style>\n\t\t<div id='gallery-5' class='gallery galleryid-314 gallery-columns-1 gallery-size-thumbnail'><dl class='gallery-item'>\n\t\t\t<dt class='gallery-icon landscape'>\n\t\t\t\t<a href='https:\/\/bildhauersymposion.de\/wp-content\/uploads\/2018\/02\/vetter1.jpg' title=\"\" data-rl_title=\"\" class=\"rl-gallery-link\" data-rl_caption=\"\" data-rel=\"lightbox-gallery-5\"><img loading=\"lazy\" decoding=\"async\" width=\"150\" height=\"150\" src=\"https:\/\/bildhauersymposion.de\/wp-content\/uploads\/2018\/02\/vetter1-150x150.jpg\" class=\"attachment-thumbnail size-thumbnail\" alt=\"\" \/><\/a>\n\t\t\t<\/dt><\/dl><br style=\"clear: both\" \/><dl class='gallery-item'>\n\t\t\t<dt class='gallery-icon landscape'>\n\t\t\t\t<a href='https:\/\/bildhauersymposion.de\/wp-content\/uploads\/2018\/02\/vetter2.jpg' title=\"\" data-rl_title=\"\" class=\"rl-gallery-link\" data-rl_caption=\"\" data-rel=\"lightbox-gallery-5\"><img loading=\"lazy\" decoding=\"async\" width=\"150\" height=\"150\" src=\"https:\/\/bildhauersymposion.de\/wp-content\/uploads\/2018\/02\/vetter2-150x150.jpg\" class=\"attachment-thumbnail size-thumbnail\" alt=\"\" \/><\/a>\n\t\t\t<\/dt><\/dl><br style=\"clear: both\" \/><dl class='gallery-item'>\n\t\t\t<dt class='gallery-icon portrait'>\n\t\t\t\t<a href='https:\/\/bildhauersymposion.de\/wp-content\/uploads\/2018\/02\/vetter3.jpg' title=\"\" data-rl_title=\"\" class=\"rl-gallery-link\" data-rl_caption=\"\" data-rel=\"lightbox-gallery-5\"><img loading=\"lazy\" decoding=\"async\" width=\"150\" height=\"150\" src=\"https:\/\/bildhauersymposion.de\/wp-content\/uploads\/2018\/02\/vetter3-150x150.jpg\" class=\"attachment-thumbnail size-thumbnail\" alt=\"\" \/><\/a>\n\t\t\t<\/dt><\/dl><br style=\"clear: both\" \/>\n\t\t<\/div>\n\n<p><a href=\"#anfang\"><img loading=\"lazy\" decoding=\"async\" class=\"alignnone size-full wp-image-1464\" src=\"https:\/\/neu.bildhauersymposion.de\/wp-content\/uploads\/2018\/03\/nach_oben_weiss.png\" alt=\"\" width=\"92\" height=\"67\" \/><\/a><\/p>\n<\/div>\n<\/div><\/div><\/div><\/div><\/div><\/div>","protected":false},"excerpt":{"rendered":"<p>Nominatoren Dr. Jean-Christophe Ammann, Museum f\u00fcr Moderne Kunst Frankfurt Martijgn van Nieuwenhuyzen, Stedelijk Museum, Amsterdam Dr. Harald Szeemann, Kunsthaus Z\u00fcrich und Leiter &#8222;documenta&#8220; 1972 K\u00fcnstlerischer Beirat des Bildhauersymposions Heidenheim Jury Dr.Karin Frank von Maur, Staatsgalerie Stuttgart Ellen Seifermann, Kunstverein Heilbronn <span class=\"excerpt-dots\">&hellip;<\/span> <a class=\"more-link\" href=\"https:\/\/bildhauersymposion.de\/index.php\/97-2\/\"><span class=\"more-msg\">Weiterlesen &rarr;<\/span><\/a><\/p>\n","protected":false},"author":1,"featured_media":0,"parent":0,"menu_order":0,"comment_status":"closed","ping_status":"closed","template":"","meta":{"footnotes":""},"_links":{"self":[{"href":"https:\/\/bildhauersymposion.de\/index.php\/wp-json\/wp\/v2\/pages\/314"}],"collection":[{"href":"https:\/\/bildhauersymposion.de\/index.php\/wp-json\/wp\/v2\/pages"}],"about":[{"href":"https:\/\/bildhauersymposion.de\/index.php\/wp-json\/wp\/v2\/types\/page"}],"author":[{"embeddable":true,"href":"https:\/\/bildhauersymposion.de\/index.php\/wp-json\/wp\/v2\/users\/1"}],"replies":[{"embeddable":true,"href":"https:\/\/bildhauersymposion.de\/index.php\/wp-json\/wp\/v2\/comments?post=314"}],"version-history":[{"count":202,"href":"https:\/\/bildhauersymposion.de\/index.php\/wp-json\/wp\/v2\/pages\/314\/revisions"}],"predecessor-version":[{"id":1532,"href":"https:\/\/bildhauersymposion.de\/index.php\/wp-json\/wp\/v2\/pages\/314\/revisions\/1532"}],"wp:attachment":[{"href":"https:\/\/bildhauersymposion.de\/index.php\/wp-json\/wp\/v2\/media?parent=314"}],"curies":[{"name":"wp","href":"https:\/\/api.w.org\/{rel}","templated":true}]}}