{"id":2,"date":"2018-01-18T10:07:29","date_gmt":"2018-01-18T10:07:29","guid":{"rendered":"https:\/\/neu.bildhauersymposion.de\/?page_id=2"},"modified":"2023-03-09T13:57:59","modified_gmt":"2023-03-09T13:57:59","slug":"sample-page","status":"publish","type":"page","link":"https:\/\/bildhauersymposion.de\/","title":{"rendered":"Startseite"},"content":{"rendered":"<div id=\"pl-2\"  class=\"panel-layout\" ><div id=\"pg-2-0\"  class=\"panel-grid panel-has-style\" ><div class=\"panel-row-style panel-row-style-for-2-0\" ><div id=\"pgc-2-0-0\"  class=\"panel-grid-cell\" ><div id=\"panel-2-0-0-0\" class=\"so-panel widget widget_sow-slider panel-first-child panel-last-child\" data-index=\"0\" ><div class=\"panel-widget-style panel-widget-style-for-2-0-0-0\" ><div\n\t\t\t\n\t\t\tclass=\"so-widget-sow-slider so-widget-sow-slider-default-6d39609536fd-2\"\n\t\t\t\n\t\t>\t\t\t\t<div class=\"sow-slider-base\" style=\"display: none\" tabindex=\"0\">\n\t\t\t\t\t<ul\n\t\t\t\t\tclass=\"sow-slider-images\"\n\t\t\t\t\tdata-settings=\"{&quot;pagination&quot;:true,&quot;speed&quot;:800,&quot;timeout&quot;:4000,&quot;paused&quot;:false,&quot;pause_on_hover&quot;:false,&quot;swipe&quot;:true,&quot;nav_always_show_desktop&quot;:&quot;&quot;,&quot;nav_always_show_mobile&quot;:&quot;&quot;,&quot;breakpoint&quot;:&quot;780px&quot;,&quot;unmute&quot;:false,&quot;anchor&quot;:null}\"\n\t\t\t\t\t\t\t\t\t\tdata-anchor-id=\"\"\n\t\t\t\t>\t\t<li class=\"sow-slider-image\" style=\"visibility: visible;\" >\n\t\t\t\t\t\t<img loading=\"lazy\" decoding=\"async\" width=\"1100\" height=\"467\" src=\"https:\/\/bildhauersymposion.de\/wp-content\/uploads\/2018\/01\/sl1.jpg\" class=\"sow-slider-background-image\" alt=\"\" style=\"\" srcset=\"https:\/\/bildhauersymposion.de\/wp-content\/uploads\/2018\/01\/sl1.jpg 1100w, https:\/\/bildhauersymposion.de\/wp-content\/uploads\/2018\/01\/sl1-300x127.jpg 300w, https:\/\/bildhauersymposion.de\/wp-content\/uploads\/2018\/01\/sl1-768x326.jpg 768w, https:\/\/bildhauersymposion.de\/wp-content\/uploads\/2018\/01\/sl1-1024x435.jpg 1024w\" sizes=\"(max-width: 1100px) 100vw, 1100px\" \/>\t\t<\/li>\n\t\t\t\t<li class=\"sow-slider-image\" style=\"visibility: hidden;\" >\n\t\t\t\t\t\t<img loading=\"lazy\" decoding=\"async\" width=\"1100\" height=\"467\" src=\"https:\/\/bildhauersymposion.de\/wp-content\/uploads\/2018\/01\/sl4.jpg\" class=\"sow-slider-background-image\" alt=\"\" style=\"\" srcset=\"https:\/\/bildhauersymposion.de\/wp-content\/uploads\/2018\/01\/sl4.jpg 1100w, https:\/\/bildhauersymposion.de\/wp-content\/uploads\/2018\/01\/sl4-300x127.jpg 300w, https:\/\/bildhauersymposion.de\/wp-content\/uploads\/2018\/01\/sl4-768x326.jpg 768w, https:\/\/bildhauersymposion.de\/wp-content\/uploads\/2018\/01\/sl4-1024x435.jpg 1024w\" sizes=\"(max-width: 1100px) 100vw, 1100px\" \/>\t\t<\/li>\n\t\t\t\t<li class=\"sow-slider-image\" style=\"visibility: hidden;\" >\n\t\t\t\t\t\t<img loading=\"lazy\" decoding=\"async\" width=\"1100\" height=\"467\" src=\"https:\/\/bildhauersymposion.de\/wp-content\/uploads\/2018\/01\/sl2-1.jpg\" class=\"sow-slider-background-image\" alt=\"\" style=\"\" srcset=\"https:\/\/bildhauersymposion.de\/wp-content\/uploads\/2018\/01\/sl2-1.jpg 1100w, https:\/\/bildhauersymposion.de\/wp-content\/uploads\/2018\/01\/sl2-1-300x127.jpg 300w, https:\/\/bildhauersymposion.de\/wp-content\/uploads\/2018\/01\/sl2-1-768x326.jpg 768w, https:\/\/bildhauersymposion.de\/wp-content\/uploads\/2018\/01\/sl2-1-1024x435.jpg 1024w\" sizes=\"(max-width: 1100px) 100vw, 1100px\" \/>\t\t<\/li>\n\t\t\t\t<li class=\"sow-slider-image\" style=\"visibility: hidden;\" >\n\t\t\t\t\t\t<div class=\"sow-slider-image-container\">\n\t\t\t\t<div class=\"sow-slider-image-wrapper\" style=\"max-width: 1100px\">\n\t\t\t\t\t\t\t\t\t\t<div class=\"sow-slider-image-foreground-wrapper\">\n\t\t\t\t\t\t<img loading=\"lazy\" decoding=\"async\" width=\"1100\" height=\"467\" src=\"https:\/\/bildhauersymposion.de\/wp-content\/uploads\/2018\/02\/sl_boutard.jpg\" class=\"sow-slider-foreground-image\" alt=\"\" style=\"\" srcset=\"https:\/\/bildhauersymposion.de\/wp-content\/uploads\/2018\/02\/sl_boutard.jpg 1100w, https:\/\/bildhauersymposion.de\/wp-content\/uploads\/2018\/02\/sl_boutard-300x127.jpg 300w, https:\/\/bildhauersymposion.de\/wp-content\/uploads\/2018\/02\/sl_boutard-768x326.jpg 768w, https:\/\/bildhauersymposion.de\/wp-content\/uploads\/2018\/02\/sl_boutard-1024x435.jpg 1024w\" sizes=\"(max-width: 1100px) 100vw, 1100px\" \/>\t\t\t\t\t<\/div>\n\t\t\t\t\t\t\t\t\t<\/div>\n\t\t\t<\/div>\n\t\t\t\t\t<\/li>\n\t\t\t\t<li class=\"sow-slider-image\" style=\"visibility: hidden;\" >\n\t\t\t\t\t\t<div class=\"sow-slider-image-container\">\n\t\t\t\t<div class=\"sow-slider-image-wrapper\" style=\"max-width: 1100px\">\n\t\t\t\t\t\t\t\t\t\t<div class=\"sow-slider-image-foreground-wrapper\">\n\t\t\t\t\t\t<img loading=\"lazy\" decoding=\"async\" width=\"1100\" height=\"467\" src=\"https:\/\/bildhauersymposion.de\/wp-content\/uploads\/2018\/02\/sl_rohrer.jpg\" class=\"sow-slider-foreground-image\" alt=\"\" style=\"\" srcset=\"https:\/\/bildhauersymposion.de\/wp-content\/uploads\/2018\/02\/sl_rohrer.jpg 1100w, https:\/\/bildhauersymposion.de\/wp-content\/uploads\/2018\/02\/sl_rohrer-300x127.jpg 300w, https:\/\/bildhauersymposion.de\/wp-content\/uploads\/2018\/02\/sl_rohrer-768x326.jpg 768w, https:\/\/bildhauersymposion.de\/wp-content\/uploads\/2018\/02\/sl_rohrer-1024x435.jpg 1024w\" sizes=\"(max-width: 1100px) 100vw, 1100px\" \/>\t\t\t\t\t<\/div>\n\t\t\t\t\t\t\t\t\t<\/div>\n\t\t\t<\/div>\n\t\t\t\t\t<\/li>\n\t\t\t\t<li class=\"sow-slider-image\" style=\"visibility: hidden;\" >\n\t\t\t\t\t\t<div class=\"sow-slider-image-container\">\n\t\t\t\t<div class=\"sow-slider-image-wrapper\" style=\"max-width: 1100px\">\n\t\t\t\t\t\t\t\t\t\t<div class=\"sow-slider-image-foreground-wrapper\">\n\t\t\t\t\t\t<img loading=\"lazy\" decoding=\"async\" width=\"1100\" height=\"467\" src=\"https:\/\/bildhauersymposion.de\/wp-content\/uploads\/2018\/02\/sl_sous.jpg\" class=\"sow-slider-foreground-image\" alt=\"\" style=\"\" srcset=\"https:\/\/bildhauersymposion.de\/wp-content\/uploads\/2018\/02\/sl_sous.jpg 1100w, https:\/\/bildhauersymposion.de\/wp-content\/uploads\/2018\/02\/sl_sous-300x127.jpg 300w, https:\/\/bildhauersymposion.de\/wp-content\/uploads\/2018\/02\/sl_sous-768x326.jpg 768w, https:\/\/bildhauersymposion.de\/wp-content\/uploads\/2018\/02\/sl_sous-1024x435.jpg 1024w\" sizes=\"(max-width: 1100px) 100vw, 1100px\" \/>\t\t\t\t\t<\/div>\n\t\t\t\t\t\t\t\t\t<\/div>\n\t\t\t<\/div>\n\t\t\t\t\t<\/li>\n\t\t\t\t<li class=\"sow-slider-image\" style=\"visibility: hidden;\" >\n\t\t\t\t\t\t<div class=\"sow-slider-image-container\">\n\t\t\t\t<div class=\"sow-slider-image-wrapper\" style=\"max-width: 1100px\">\n\t\t\t\t\t\t\t\t\t\t<div class=\"sow-slider-image-foreground-wrapper\">\n\t\t\t\t\t\t<img loading=\"lazy\" decoding=\"async\" width=\"1100\" height=\"467\" src=\"https:\/\/bildhauersymposion.de\/wp-content\/uploads\/2018\/02\/sl_beutler.jpg\" class=\"sow-slider-foreground-image\" alt=\"\" style=\"\" srcset=\"https:\/\/bildhauersymposion.de\/wp-content\/uploads\/2018\/02\/sl_beutler.jpg 1100w, https:\/\/bildhauersymposion.de\/wp-content\/uploads\/2018\/02\/sl_beutler-300x127.jpg 300w, https:\/\/bildhauersymposion.de\/wp-content\/uploads\/2018\/02\/sl_beutler-768x326.jpg 768w, https:\/\/bildhauersymposion.de\/wp-content\/uploads\/2018\/02\/sl_beutler-1024x435.jpg 1024w\" sizes=\"(max-width: 1100px) 100vw, 1100px\" \/>\t\t\t\t\t<\/div>\n\t\t\t\t\t\t\t\t\t<\/div>\n\t\t\t<\/div>\n\t\t\t\t\t<\/li>\n\t\t\t\t<li class=\"sow-slider-image\" style=\"visibility: hidden;\" >\n\t\t\t\t\t\t<div class=\"sow-slider-image-container\">\n\t\t\t\t<div class=\"sow-slider-image-wrapper\" style=\"max-width: 1100px\">\n\t\t\t\t\t\t\t\t\t\t<div class=\"sow-slider-image-foreground-wrapper\">\n\t\t\t\t\t\t<img loading=\"lazy\" decoding=\"async\" width=\"1100\" height=\"467\" src=\"https:\/\/bildhauersymposion.de\/wp-content\/uploads\/2018\/02\/sl_weber.jpg\" class=\"sow-slider-foreground-image\" alt=\"\" style=\"\" srcset=\"https:\/\/bildhauersymposion.de\/wp-content\/uploads\/2018\/02\/sl_weber.jpg 1100w, https:\/\/bildhauersymposion.de\/wp-content\/uploads\/2018\/02\/sl_weber-300x127.jpg 300w, https:\/\/bildhauersymposion.de\/wp-content\/uploads\/2018\/02\/sl_weber-768x326.jpg 768w, https:\/\/bildhauersymposion.de\/wp-content\/uploads\/2018\/02\/sl_weber-1024x435.jpg 1024w\" sizes=\"(max-width: 1100px) 100vw, 1100px\" \/>\t\t\t\t\t<\/div>\n\t\t\t\t\t\t\t\t\t<\/div>\n\t\t\t<\/div>\n\t\t\t\t\t<\/li>\n\t\t\t\t<li class=\"sow-slider-image\" style=\"visibility: hidden;\" >\n\t\t\t\t\t\t<div class=\"sow-slider-image-container\">\n\t\t\t\t<div class=\"sow-slider-image-wrapper\" style=\"max-width: 1100px\">\n\t\t\t\t\t\t\t\t\t\t<div class=\"sow-slider-image-foreground-wrapper\">\n\t\t\t\t\t\t<img loading=\"lazy\" decoding=\"async\" width=\"1100\" height=\"467\" src=\"https:\/\/bildhauersymposion.de\/wp-content\/uploads\/2018\/02\/sl_ralf_werner.jpg\" class=\"sow-slider-foreground-image\" alt=\"\" style=\"\" srcset=\"https:\/\/bildhauersymposion.de\/wp-content\/uploads\/2018\/02\/sl_ralf_werner.jpg 1100w, https:\/\/bildhauersymposion.de\/wp-content\/uploads\/2018\/02\/sl_ralf_werner-300x127.jpg 300w, https:\/\/bildhauersymposion.de\/wp-content\/uploads\/2018\/02\/sl_ralf_werner-768x326.jpg 768w, https:\/\/bildhauersymposion.de\/wp-content\/uploads\/2018\/02\/sl_ralf_werner-1024x435.jpg 1024w\" sizes=\"(max-width: 1100px) 100vw, 1100px\" \/>\t\t\t\t\t<\/div>\n\t\t\t\t\t\t\t\t\t<\/div>\n\t\t\t<\/div>\n\t\t\t\t\t<\/li>\n\t\t\t\t<li class=\"sow-slider-image\" style=\"visibility: hidden;\" >\n\t\t\t\t\t\t<div class=\"sow-slider-image-container\">\n\t\t\t\t<div class=\"sow-slider-image-wrapper\" style=\"max-width: 1100px\">\n\t\t\t\t\t\t\t\t\t\t<div class=\"sow-slider-image-foreground-wrapper\">\n\t\t\t\t\t\t<img loading=\"lazy\" decoding=\"async\" width=\"1100\" height=\"467\" src=\"https:\/\/bildhauersymposion.de\/wp-content\/uploads\/2018\/02\/sl_kroener.jpg\" class=\"sow-slider-foreground-image\" alt=\"\" style=\"\" srcset=\"https:\/\/bildhauersymposion.de\/wp-content\/uploads\/2018\/02\/sl_kroener.jpg 1100w, https:\/\/bildhauersymposion.de\/wp-content\/uploads\/2018\/02\/sl_kroener-300x127.jpg 300w, https:\/\/bildhauersymposion.de\/wp-content\/uploads\/2018\/02\/sl_kroener-768x326.jpg 768w, https:\/\/bildhauersymposion.de\/wp-content\/uploads\/2018\/02\/sl_kroener-1024x435.jpg 1024w\" sizes=\"(max-width: 1100px) 100vw, 1100px\" \/>\t\t\t\t\t<\/div>\n\t\t\t\t\t\t\t\t\t<\/div>\n\t\t\t<\/div>\n\t\t\t\t\t<\/li>\n\t\t\t\t<li class=\"sow-slider-image\" style=\"visibility: hidden;\" >\n\t\t\t\t\t\t<div class=\"sow-slider-image-container\">\n\t\t\t\t<div class=\"sow-slider-image-wrapper\" style=\"max-width: 1100px\">\n\t\t\t\t\t\t\t\t\t\t<div class=\"sow-slider-image-foreground-wrapper\">\n\t\t\t\t\t\t<img loading=\"lazy\" decoding=\"async\" width=\"1100\" height=\"467\" src=\"https:\/\/bildhauersymposion.de\/wp-content\/uploads\/2018\/02\/sl_simon.jpg\" class=\"sow-slider-foreground-image\" alt=\"\" style=\"\" srcset=\"https:\/\/bildhauersymposion.de\/wp-content\/uploads\/2018\/02\/sl_simon.jpg 1100w, https:\/\/bildhauersymposion.de\/wp-content\/uploads\/2018\/02\/sl_simon-300x127.jpg 300w, https:\/\/bildhauersymposion.de\/wp-content\/uploads\/2018\/02\/sl_simon-768x326.jpg 768w, https:\/\/bildhauersymposion.de\/wp-content\/uploads\/2018\/02\/sl_simon-1024x435.jpg 1024w\" sizes=\"(max-width: 1100px) 100vw, 1100px\" \/>\t\t\t\t\t<\/div>\n\t\t\t\t\t\t\t\t\t<\/div>\n\t\t\t<\/div>\n\t\t\t\t\t<\/li>\n\t\t\t\t<li class=\"sow-slider-image\" style=\"visibility: hidden;\" >\n\t\t\t\t\t\t<div class=\"sow-slider-image-container\">\n\t\t\t\t<div class=\"sow-slider-image-wrapper\" style=\"max-width: 1100px\">\n\t\t\t\t\t\t\t\t\t\t<div class=\"sow-slider-image-foreground-wrapper\">\n\t\t\t\t\t\t<img loading=\"lazy\" decoding=\"async\" width=\"1100\" height=\"467\" src=\"https:\/\/bildhauersymposion.de\/wp-content\/uploads\/2018\/02\/sl_goldberg.jpg\" class=\"sow-slider-foreground-image\" alt=\"\" style=\"\" srcset=\"https:\/\/bildhauersymposion.de\/wp-content\/uploads\/2018\/02\/sl_goldberg.jpg 1100w, https:\/\/bildhauersymposion.de\/wp-content\/uploads\/2018\/02\/sl_goldberg-300x127.jpg 300w, https:\/\/bildhauersymposion.de\/wp-content\/uploads\/2018\/02\/sl_goldberg-768x326.jpg 768w, https:\/\/bildhauersymposion.de\/wp-content\/uploads\/2018\/02\/sl_goldberg-1024x435.jpg 1024w\" sizes=\"(max-width: 1100px) 100vw, 1100px\" \/>\t\t\t\t\t<\/div>\n\t\t\t\t\t\t\t\t\t<\/div>\n\t\t\t<\/div>\n\t\t\t\t\t<\/li>\n\t\t\t\t<li class=\"sow-slider-image\" style=\"visibility: hidden;\" >\n\t\t\t\t\t\t<div class=\"sow-slider-image-container\">\n\t\t\t\t<div class=\"sow-slider-image-wrapper\" style=\"max-width: 1100px\">\n\t\t\t\t\t\t\t\t\t\t<div class=\"sow-slider-image-foreground-wrapper\">\n\t\t\t\t\t\t<img loading=\"lazy\" decoding=\"async\" width=\"1100\" height=\"467\" src=\"https:\/\/bildhauersymposion.de\/wp-content\/uploads\/2018\/02\/sl_pondr.jpg\" class=\"sow-slider-foreground-image\" alt=\"\" style=\"\" srcset=\"https:\/\/bildhauersymposion.de\/wp-content\/uploads\/2018\/02\/sl_pondr.jpg 1100w, https:\/\/bildhauersymposion.de\/wp-content\/uploads\/2018\/02\/sl_pondr-300x127.jpg 300w, https:\/\/bildhauersymposion.de\/wp-content\/uploads\/2018\/02\/sl_pondr-768x326.jpg 768w, https:\/\/bildhauersymposion.de\/wp-content\/uploads\/2018\/02\/sl_pondr-1024x435.jpg 1024w\" sizes=\"(max-width: 1100px) 100vw, 1100px\" \/>\t\t\t\t\t<\/div>\n\t\t\t\t\t\t\t\t\t<\/div>\n\t\t\t<\/div>\n\t\t\t\t\t<\/li>\n\t\t<\/ul>\t\t\t\t<ol class=\"sow-slider-pagination\">\n\t\t\t\t\t\t\t\t\t\t\t<li><a href=\"#\" data-goto=\"0\" aria-label=\"Display slide 1\"><\/a><\/li>\n\t\t\t\t\t\t\t\t\t\t\t<li><a href=\"#\" data-goto=\"1\" aria-label=\"Display slide 2\"><\/a><\/li>\n\t\t\t\t\t\t\t\t\t\t\t<li><a href=\"#\" data-goto=\"2\" aria-label=\"Display slide 3\"><\/a><\/li>\n\t\t\t\t\t\t\t\t\t\t\t<li><a href=\"#\" data-goto=\"3\" aria-label=\"Display slide 4\"><\/a><\/li>\n\t\t\t\t\t\t\t\t\t\t\t<li><a href=\"#\" data-goto=\"4\" aria-label=\"Display slide 5\"><\/a><\/li>\n\t\t\t\t\t\t\t\t\t\t\t<li><a href=\"#\" data-goto=\"5\" aria-label=\"Display slide 6\"><\/a><\/li>\n\t\t\t\t\t\t\t\t\t\t\t<li><a href=\"#\" data-goto=\"6\" aria-label=\"Display slide 7\"><\/a><\/li>\n\t\t\t\t\t\t\t\t\t\t\t<li><a href=\"#\" data-goto=\"7\" aria-label=\"Display slide 8\"><\/a><\/li>\n\t\t\t\t\t\t\t\t\t\t\t<li><a href=\"#\" data-goto=\"8\" aria-label=\"Display slide 9\"><\/a><\/li>\n\t\t\t\t\t\t\t\t\t\t\t<li><a href=\"#\" data-goto=\"9\" aria-label=\"Display slide 10\"><\/a><\/li>\n\t\t\t\t\t\t\t\t\t\t\t<li><a href=\"#\" data-goto=\"10\" aria-label=\"Display slide 11\"><\/a><\/li>\n\t\t\t\t\t\t\t\t\t\t\t<li><a href=\"#\" data-goto=\"11\" aria-label=\"Display slide 12\"><\/a><\/li>\n\t\t\t\t\t\t\t\t\t\t\t<li><a href=\"#\" data-goto=\"12\" aria-label=\"Display slide 13\"><\/a><\/li>\n\t\t\t\t\t\t\t\t\t<\/ol>\n\n\t\t\t\t<div class=\"sow-slide-nav sow-slide-nav-next\">\n\t\t\t\t\t<a href=\"#\" data-goto=\"next\" aria-label=\"Next slide\" data-action=\"next\">\n\t\t\t\t\t\t<em class=\"sow-sld-icon-thin-right\"><\/em>\n\t\t\t\t\t<\/a>\n\t\t\t\t<\/div>\n\n\t\t\t\t<div class=\"sow-slide-nav sow-slide-nav-prev\">\n\t\t\t\t\t<a href=\"#\" data-goto=\"previous\" aria-label=\"Previous slide\" data-action=\"prev\">\n\t\t\t\t\t\t<em class=\"sow-sld-icon-thin-left\"><\/em>\n\t\t\t\t\t<\/a>\n\t\t\t\t<\/div>\n\t\t\t\t<\/div><\/div><\/div><\/div><\/div><\/div><\/div><div id=\"pg-2-1\"  class=\"panel-grid panel-has-style\" ><div class=\"panel-row-style panel-row-style-for-2-1\" ><div id=\"pgc-2-1-0\"  class=\"panel-grid-cell\" ><div id=\"panel-2-1-0-0\" class=\"so-panel widget widget_sow-editor panel-first-child panel-last-child\" data-index=\"1\" ><div class=\"panel-widget-style panel-widget-style-for-2-1-0-0\" ><div\n\t\t\t\n\t\t\tclass=\"so-widget-sow-editor so-widget-sow-editor-base\"\n\t\t\t\n\t\t>\n<div class=\"siteorigin-widget-tinymce textwidget\">\n\t<p><a href=\"https:\/\/neu.bildhauersymposion.de\/index.php\/werke-im-statdtraum\/\"><img loading=\"lazy\" decoding=\"async\" class=\"alignnone size-full wp-image-1166\" src=\"https:\/\/neu.bildhauersymposion.de\/wp-content\/uploads\/2018\/02\/werke_start.png\" alt=\"\" width=\"425\" height=\"31\" srcset=\"https:\/\/bildhauersymposion.de\/wp-content\/uploads\/2018\/02\/werke_start.png 425w, https:\/\/bildhauersymposion.de\/wp-content\/uploads\/2018\/02\/werke_start-300x22.png 300w\" sizes=\"(max-width: 425px) 100vw, 425px\" \/><\/a><br \/> Im Zeitraum 1997 bis 2013 fanden in Heidenheim sechs Bildhauersymposien statt. Als Gemeinschaftsprojekt von K\u00fcnstlern und Wirtschaftsbetrieben wurden k\u00fcnstlerische Werke geschaffen und im \u00f6ffentlichen Stadtraum plaziert. Aktuell sind noch 13 Kunstwerke im Stadtgebiet pr\u00e4sent.<\/p>\n<\/div>\n<\/div><\/div><\/div><\/div><div id=\"pgc-2-1-1\"  class=\"panel-grid-cell\" ><div id=\"panel-2-1-1-0\" class=\"so-panel widget widget_sow-editor panel-first-child panel-last-child\" data-index=\"2\" ><div class=\"panel-widget-style panel-widget-style-for-2-1-1-0\" ><div\n\t\t\t\n\t\t\tclass=\"so-widget-sow-editor so-widget-sow-editor-base\"\n\t\t\t\n\t\t>\n<div class=\"siteorigin-widget-tinymce textwidget\">\n\t<p><a href=\"https:\/\/www.google.com\/maps\/d\/u\/0\/viewer?mid=13oDMy3wj1HkCiwrqcK0ubZHxQo1iRpfp&amp;ll=48.68000286808083%2C10.142537349707027&amp;z=14\" target=\"_blank\" rel=\"noopener\"><img loading=\"lazy\" decoding=\"async\" class=\"alignnone size-full wp-image-1252\" src=\"https:\/\/neu.bildhauersymposion.de\/wp-content\/uploads\/2018\/03\/karte.jpg\" alt=\"\" width=\"300\" height=\"177\" \/><\/a><\/p>\n<\/div>\n<\/div><\/div><\/div><\/div><\/div><\/div><div id=\"pg-2-2\"  class=\"panel-grid panel-has-style\" ><div class=\"panel-row-style panel-row-style-for-2-2\" ><div id=\"pgc-2-2-0\"  class=\"panel-grid-cell\" ><div id=\"panel-2-2-0-0\" class=\"so-panel widget widget_sow-editor panel-first-child panel-last-child\" data-index=\"3\" ><div class=\"panel-widget-style panel-widget-style-for-2-2-0-0\" ><div\n\t\t\t\n\t\t\tclass=\"so-widget-sow-editor so-widget-sow-editor-base\"\n\t\t\t\n\t\t>\n<div class=\"siteorigin-widget-tinymce textwidget\">\n\t<p><a href=\"https:\/\/neu.bildhauersymposion.de\/index.php\/97-2\/\"><img loading=\"lazy\" decoding=\"async\" class=\"alignnone size-full wp-image-189\" src=\"https:\/\/neu.bildhauersymposion.de\/wp-content\/uploads\/2018\/01\/werk-97-1.png\" alt=\"\" width=\"161\" height=\"77\" \/><\/a><\/p>\n<\/div>\n<\/div><\/div><\/div><\/div><div id=\"pgc-2-2-1\"  class=\"panel-grid-cell\" ><div id=\"panel-2-2-1-0\" class=\"so-panel widget widget_sow-editor panel-first-child panel-last-child\" data-index=\"4\" ><div class=\"panel-widget-style panel-widget-style-for-2-2-1-0\" ><div\n\t\t\t\n\t\t\tclass=\"so-widget-sow-editor so-widget-sow-editor-base\"\n\t\t\t\n\t\t>\n<div class=\"siteorigin-widget-tinymce textwidget\">\n\t<p><a href=\"https:\/\/neu.bildhauersymposion.de\/index.php\/werk-01\/\"><img loading=\"lazy\" decoding=\"async\" class=\"alignnone size-full wp-image-185\" src=\"https:\/\/neu.bildhauersymposion.de\/wp-content\/uploads\/2018\/01\/werk-01-1.png\" alt=\"\" width=\"161\" height=\"77\" \/><\/a><\/p>\n<\/div>\n<\/div><\/div><\/div><\/div><\/div><\/div><div id=\"pg-2-3\"  class=\"panel-grid panel-no-style\" ><div id=\"pgc-2-3-0\"  class=\"panel-grid-cell\" ><div id=\"panel-2-3-0-0\" class=\"so-panel widget widget_sow-editor panel-first-child panel-last-child\" data-index=\"5\" ><div class=\"panel-widget-style panel-widget-style-for-2-3-0-0\" ><div\n\t\t\t\n\t\t\tclass=\"so-widget-sow-editor so-widget-sow-editor-base\"\n\t\t\t\n\t\t>\n<div class=\"siteorigin-widget-tinymce textwidget\">\n\t<p><a href=\"https:\/\/neu.bildhauersymposion.de\/index.php\/werk-04\/\"><img loading=\"lazy\" decoding=\"async\" class=\"alignnone size-full wp-image-184\" src=\"https:\/\/neu.bildhauersymposion.de\/wp-content\/uploads\/2018\/01\/04.png\" alt=\"\" width=\"161\" height=\"77\" \/><\/a><\/p>\n<\/div>\n<\/div><\/div><\/div><\/div><div id=\"pgc-2-3-1\"  class=\"panel-grid-cell\" ><div id=\"panel-2-3-1-0\" class=\"so-panel widget widget_sow-editor panel-first-child panel-last-child\" data-index=\"6\" ><div class=\"panel-widget-style panel-widget-style-for-2-3-1-0\" ><div\n\t\t\t\n\t\t\tclass=\"so-widget-sow-editor so-widget-sow-editor-base\"\n\t\t\t\n\t\t>\n<div class=\"siteorigin-widget-tinymce textwidget\">\n\t<p><a href=\"https:\/\/neu.bildhauersymposion.de\/index.php\/werk-07\/\"><img loading=\"lazy\" decoding=\"async\" class=\"alignnone size-full wp-image-186\" src=\"https:\/\/neu.bildhauersymposion.de\/wp-content\/uploads\/2018\/01\/werk07.png\" alt=\"\" width=\"161\" height=\"77\" \/><\/a><\/p>\n<\/div>\n<\/div><\/div><\/div><\/div><\/div><div id=\"pg-2-4\"  class=\"panel-grid panel-no-style\" ><div id=\"pgc-2-4-0\"  class=\"panel-grid-cell\" ><div id=\"panel-2-4-0-0\" class=\"so-panel widget widget_sow-editor panel-first-child panel-last-child\" data-index=\"7\" ><div class=\"panel-widget-style panel-widget-style-for-2-4-0-0\" ><div\n\t\t\t\n\t\t\tclass=\"so-widget-sow-editor so-widget-sow-editor-base\"\n\t\t\t\n\t\t>\n<div class=\"siteorigin-widget-tinymce textwidget\">\n\t<p><a href=\"https:\/\/neu.bildhauersymposion.de\/index.php\/werk-10\/\"><img loading=\"lazy\" decoding=\"async\" class=\"alignnone size-full wp-image-187\" src=\"https:\/\/neu.bildhauersymposion.de\/wp-content\/uploads\/2018\/01\/werk10.png\" alt=\"\" width=\"161\" height=\"77\" \/><\/a><\/p>\n<\/div>\n<\/div><\/div><\/div><\/div><div id=\"pgc-2-4-1\"  class=\"panel-grid-cell\" ><div id=\"panel-2-4-1-0\" class=\"so-panel widget widget_sow-editor panel-first-child panel-last-child\" data-index=\"8\" ><div class=\"panel-widget-style panel-widget-style-for-2-4-1-0\" ><div\n\t\t\t\n\t\t\tclass=\"so-widget-sow-editor so-widget-sow-editor-base\"\n\t\t\t\n\t\t>\n<div class=\"siteorigin-widget-tinymce textwidget\">\n\t<p><a href=\"https:\/\/neu.bildhauersymposion.de\/index.php\/werk-13\/\"><img loading=\"lazy\" decoding=\"async\" class=\"alignnone size-full wp-image-188\" src=\"https:\/\/neu.bildhauersymposion.de\/wp-content\/uploads\/2018\/01\/werk13.png\" alt=\"\" width=\"161\" height=\"77\" \/><\/a><\/p>\n<\/div>\n<\/div><\/div><\/div><\/div><\/div><\/div>","protected":false},"excerpt":{"rendered":"<p>Im Zeitraum 1997 bis 2013 fanden in Heidenheim sechs Bildhauersymposien statt. Als Gemeinschaftsprojekt von K\u00fcnstlern und Wirtschaftsbetrieben wurden k\u00fcnstlerische Werke geschaffen und im \u00f6ffentlichen Stadtraum plaziert. Aktuell sind noch 13 Kunstwerke im Stadtgebiet pr\u00e4sent.<\/p>\n <a class=\"more-link\" href=\"https:\/\/bildhauersymposion.de\/\"><span class=\"more-msg\">Weiterlesen &rarr;<\/span><\/a>","protected":false},"author":1,"featured_media":0,"parent":0,"menu_order":0,"comment_status":"closed","ping_status":"closed","template":"","meta":{"footnotes":""},"_links":{"self":[{"href":"https:\/\/bildhauersymposion.de\/index.php\/wp-json\/wp\/v2\/pages\/2"}],"collection":[{"href":"https:\/\/bildhauersymposion.de\/index.php\/wp-json\/wp\/v2\/pages"}],"about":[{"href":"https:\/\/bildhauersymposion.de\/index.php\/wp-json\/wp\/v2\/types\/page"}],"author":[{"embeddable":true,"href":"https:\/\/bildhauersymposion.de\/index.php\/wp-json\/wp\/v2\/users\/1"}],"replies":[{"embeddable":true,"href":"https:\/\/bildhauersymposion.de\/index.php\/wp-json\/wp\/v2\/comments?post=2"}],"version-history":[{"count":331,"href":"https:\/\/bildhauersymposion.de\/index.php\/wp-json\/wp\/v2\/pages\/2\/revisions"}],"predecessor-version":[{"id":37,"href":"https:\/\/bildhauersymposion.de\/index.php\/wp-json\/wp\/v2\/pages\/2\/revisions\/37"}],"wp:attachment":[{"href":"https:\/\/bildhauersymposion.de\/index.php\/wp-json\/wp\/v2\/media?parent=2"}],"curies":[{"name":"wp","href":"https:\/\/api.w.org\/{rel}","templated":true}]}}