{"id":1691,"date":"2019-05-16T13:23:01","date_gmt":"2019-05-16T13:23:01","guid":{"rendered":"https:\/\/bildhauersymposion.de\/?page_id=1691"},"modified":"2019-05-16T13:23:37","modified_gmt":"2019-05-16T13:23:37","slug":"datenschutz","status":"publish","type":"page","link":"https:\/\/bildhauersymposion.de\/index.php\/datenschutz\/","title":{"rendered":"Datenschutz"},"content":{"rendered":"<div id=\"pl-1691\"  class=\"panel-layout\" ><div id=\"pg-1691-0\"  class=\"panel-grid panel-has-style\" ><div class=\"panel-row-style panel-row-style-for-1691-0\" ><div id=\"pgc-1691-0-0\"  class=\"panel-grid-cell panel-grid-cell-mobile-last\" ><div id=\"panel-1691-0-0-0\" class=\"so-panel widget widget_sow-editor panel-first-child panel-last-child\" data-index=\"0\" ><div\n\t\t\t\n\t\t\tclass=\"so-widget-sow-editor so-widget-sow-editor-base\"\n\t\t\t\n\t\t>\n<div class=\"siteorigin-widget-tinymce textwidget\">\n\t<p><strong>Datenschutzbestimmungen<\/strong><\/p>\n<p>Wir, das Kunstmuseum Heidenheim an der Brenz (im Folgenden \u201cwir\/unser(e)\"), nehmen den Schutz Ihrer pers\u00f6nlichen Daten sehr ernst und halten uns streng an alle geltenden Gesetze und Vorschriften zum Datenschutz, insbesondere an die Datenschutzgrundverordnung, (DSGVO), das Landesdatenschutzgesetz (LDSG) und das Telemediengesetz (TMG). Die folgenden Erl\u00e4uterungen geben Ihnen einen \u00dcberblick dar\u00fcber, wie wir diesen Schutz sicherstellen und welche Daten wir zu welchem Zweck verarbeiten.<\/p>\n<p><strong>Nutzungsdaten<\/strong><br \/>\nBei jedem Zugriff auf unsere Webseite und bei jedem Abruf einer Datei, werden automatisch \u00fcber diesen Vorgang allgemeine Daten in einer Protokolldatei gespeichert. Die Speicherung dient ausschlie\u00dflich systembezogenen und statistischen Zwecken (auf Grundlage von Art. 6 Abs. 1 Buchst. b) DSGVO), sowie in Ausnahmef\u00e4llen zur Anzeige von Straftaten (auf Grundlage von Art. 6 Abs. 1 Buchst. e) DSGVO).<br \/>\nEine Weitergabe der Daten an Dritte oder eine sonstige Auswertung findet nicht statt, es sei denn, es besteht eine gesetzliche Verpflichtung dazu (Art. 6 Abs. 1 Buchst. e) DSGVO).<br \/>\nIm Einzelnen wird \u00fcber jeden Abruf folgender Datensatz gespeichert:<\/p>\n<p>Name der abgerufenen Datei<br \/>\nDatum und Uhrzeit des Abrufs<br \/>\n\u00fcbertragene Datenmenge<br \/>\nMeldung, ob der Abruf erfolgreich war<br \/>\nBeschreibung des Typs des verwendeten Webbrowsers<br \/>\nverwendetes Betriebssystem<br \/>\ndie zuvor besuchte Seite<br \/>\nProvider<br \/>\nIhre IP-Adresse<\/p>\n<p><strong>Personenbezogene Daten<\/strong><br \/>\nPersonenbezogene Daten werden von uns nur dann verarbeitet, wenn uns dies gesetzlich gestattet ist, oder Sie uns Ihre Einwilligung erteilt haben.<br \/>\nWenn Sie mit uns in Kontakt treten, speichern wir Ihre Daten auf Grundlage von Art. 6 Abs. 1 Buchst. b) DSGVO zum Zwecke der Bearbeitung Ihrer Anfrage, sowie f\u00fcr den Fall, dass eine weitere Korrespondenz stattfinden sollte.<\/p>\n<p><strong>Auskunftsrecht<\/strong><br \/>\nSie haben das Recht, von uns eine Best\u00e4tigung dar\u00fcber zu verlangen, ob Sie betreffende personenbezogene Daten verarbeitet werden.<br \/>\nSie haben die M\u00f6glichkeit sich an datenschutzbeauftragter@heidenheim.de zu wenden.<\/p>\n<p><strong>Berichtigung\/L\u00f6schung\/Einschr\u00e4nkung der Verarbeitung<\/strong><br \/>\nDes Weiteren haben Sie das Recht, von uns zu verlangen, dass<br \/>\n\u2022 Sie betreffende unrichtige personenbezogene Daten unverz\u00fcglich berichtigt werden (Recht auf Berichtigung);<br \/>\n\u2022 Sie betreffende personenbezogene Daten unverz\u00fcglich gel\u00f6scht werden (Recht auf L\u00f6schung) und<br \/>\n\u2022 die Verarbeitung eingeschr\u00e4nkt wird (Recht auf Einschr\u00e4nken der Verarbeitung).<br \/>\nSie haben die M\u00f6glichkeit sich an webmaster@heidenheim.de zu wenden.<\/p>\n<p><strong>Widerrufsrecht<\/strong><br \/>\nSie haben das Recht, Ihre Einwilligung jederzeit zu widerrufen. Durch den Widerruf der Einwilligung wird die Rechtm\u00e4\u00dfigkeit der aufgrund der Einwilligung bis zum Widerruf erfolgten Verarbeitung nicht ber\u00fchrt.<br \/>\nSie haben die M\u00f6glichkeit sich an webmaster@heidenheim.de zu wenden.<\/p>\n<p><strong>Widerspruchsrecht<\/strong><br \/>\nIst die Verarbeitung der Sie betreffender personenbezogener Daten f\u00fcr die Wahrnehmung einer Aufgabe, die im \u00f6ffentlichen Interesse liegt (Art. 6 Abs. 1 Buchst. e) DSGVO) oder zur Wahrung unserer berechtigten Interessen (Art. 6 Abs. 1 Buchst. f) DSGVO) erforderlich, steht Ihnen ein Widerspruchsrecht zu.<br \/>\nSie haben die M\u00f6glichkeit sich an webmaster@heidenheim.de zu wenden.<\/p>\n<p><strong>Beschwerderecht<\/strong><br \/>\nSind Sie der Ansicht, dass die Verarbeitung der Sie betreffenden personenbezogenen Daten gegen die DSGVO verst\u00f6\u00dft, haben Sie unbeschadet anderweitiger Rechtsbehelfe das Recht auf Beschwerde bei einer Aufsichtsbeh\u00f6rde.<\/p>\n<p><strong>Unser Datenschutzbeauftragter<\/strong><br \/>\nSie haben die M\u00f6glichkeit sich an datenschutzbeauftragter@heidenheim.de zu wenden.<\/p>\n<p><strong>Sicherheit<\/strong><br \/>\nF\u00fcr die Sicherheit Ihrer Daten verwenden wir modernste Internettechnologien. W\u00e4hrend des Onlineanfrageprozesses sind Ihre Angaben mit einer SSL-Verschl\u00fcsselung gesichert.<\/p>\n<p>&nbsp;<\/p>\n<\/div>\n<\/div><\/div><\/div><div id=\"pgc-1691-0-1\"  class=\"panel-grid-cell panel-grid-cell-empty\" ><\/div><\/div><\/div><\/div>","protected":false},"excerpt":{"rendered":"<p>Datenschutzbestimmungen Wir, das Kunstmuseum Heidenheim an der Brenz (im Folgenden \u201cwir\/unser(e)&#8220;), nehmen den Schutz Ihrer pers\u00f6nlichen Daten sehr ernst und halten uns streng an alle geltenden Gesetze und Vorschriften zum Datenschutz, insbesondere an die Datenschutzgrundverordnung, (DSGVO), das Landesdatenschutzgesetz (LDSG) und <span class=\"excerpt-dots\">&hellip;<\/span> <a class=\"more-link\" href=\"https:\/\/bildhauersymposion.de\/index.php\/datenschutz\/\"><span class=\"more-msg\">Weiterlesen &rarr;<\/span><\/a><\/p>\n","protected":false},"author":1,"featured_media":0,"parent":0,"menu_order":0,"comment_status":"closed","ping_status":"closed","template":"","meta":{"footnotes":""},"_links":{"self":[{"href":"https:\/\/bildhauersymposion.de\/index.php\/wp-json\/wp\/v2\/pages\/1691"}],"collection":[{"href":"https:\/\/bildhauersymposion.de\/index.php\/wp-json\/wp\/v2\/pages"}],"about":[{"href":"https:\/\/bildhauersymposion.de\/index.php\/wp-json\/wp\/v2\/types\/page"}],"author":[{"embeddable":true,"href":"https:\/\/bildhauersymposion.de\/index.php\/wp-json\/wp\/v2\/users\/1"}],"replies":[{"embeddable":true,"href":"https:\/\/bildhauersymposion.de\/index.php\/wp-json\/wp\/v2\/comments?post=1691"}],"version-history":[{"count":2,"href":"https:\/\/bildhauersymposion.de\/index.php\/wp-json\/wp\/v2\/pages\/1691\/revisions"}],"predecessor-version":[{"id":1693,"href":"https:\/\/bildhauersymposion.de\/index.php\/wp-json\/wp\/v2\/pages\/1691\/revisions\/1693"}],"wp:attachment":[{"href":"https:\/\/bildhauersymposion.de\/index.php\/wp-json\/wp\/v2\/media?parent=1691"}],"curies":[{"name":"wp","href":"https:\/\/api.w.org\/{rel}","templated":true}]}}